{"id":1304,"date":"2021-05-26T18:35:26","date_gmt":"2021-05-26T21:35:26","guid":{"rendered":"https:\/\/tecno.com.uy\/?post_type=product&#038;p=1304"},"modified":"2021-06-01T18:01:20","modified_gmt":"2021-06-01T21:01:20","slug":"huawei-media-pad-t7-bg2-u03-8gb","status":"publish","type":"product","link":"https:\/\/tecno.com.uy\/?product=huawei-media-pad-t7-bg2-u03-8gb","title":{"rendered":"HUAWEI MEDIA PAD T7 BG2-U03 \/ 8GB"},"content":{"rendered":"<p><strong>PRODUCTO OPEN BOX*<\/strong><\/p>\n<h2>Delgado, liviano y duradero<\/h2>\n<p>La tableta HUAWEI MediaPad T5 tiene un dise\u00f1o moderno gracias a su estructura de metal sim\u00e9trica, es liviana (aproximadamente 460\u00a0g), f\u00e1cil de transportar\u00a0<span class=\"conv3_t5_nowrap\">y sostenerla.<\/span><\/p>\n<h2>Impactante pantalla\u00a0<span class=\"conv3_t5_nowrap\">Full HD de 1080 P<\/span><\/h2>\n<p>La tableta HUAWEI MediaPad T5 incluye una pantalla de 10.1 pulgadas (con una resoluci\u00f3n de 1920 x 1200) que permite disfrutar al m\u00e1ximo. La relaci\u00f3n de aspecto 16 : 10 la hace perfecta para mirar pel\u00edculas o programas de TV y explorar\u00a0<span class=\"conv3_t5_nowrap\">sitios web.<\/span><\/p>\n<h2>Doble altavoz y sonido inmersivo<\/h2>\n<p>os dos altavoces producen una excelente calidad de audio para que escuch\u00e9s tu m\u00fasica favorita. La tecnolog\u00eda de audio HUAWEI Histen enriquece el sonido y le brinda una experiencia casi\u00a0<span class=\"conv3_t5_nowrap\">cinematogr\u00e1fica.<\/span><\/p>\n<h2>Procesador potente y rendimiento veloz<\/h2>\n<p>El procesador de ocho n\u00facleos con una frecuencia principal de hasta 2.36\u00a0GHz* ofrece un excelente rendimiento y menor consumo de energ\u00eda. El tama\u00f1o de la memoria se puede expandir hasta 256\u00a0GB usando una\u00a0<span class=\"conv3_t5_nowrap\">tarjeta microSD\u2122 .<\/span><\/p>\n<p class=\"conv3_t5_note\">* CPU es 4 x 2.36\u00a0GHz + 4 x 1.7 GHz.<\/p>\n<h2>Android 8.0\u00a0<span class=\"conv3_t5_nowrap\">r\u00e1pido e intuitivo<\/span><\/h2>\n<p>Basado en Android 8.0, el EMUI 8.0 ha sido dise\u00f1ado prestando especial atenci\u00f3n a los detalles para lograr una experiencia de usuario m\u00e1s f\u00e1cil, m\u00e1s inteligente y m\u00e1s intuitiva. Sus aplicaciones se cargan m\u00e1s r\u00e1pido y se ejecutan\u00a0<span class=\"conv3_t5_nowrap\">sin pausas.<\/span><\/p>\n<h2>Modo de descanso visual y alivio de la\u00a0<span class=\"conv3_t5_nowrap\">fatiga visual<\/span><\/h2>\n<p>El modo de descanso visual reduce el da\u00f1o que produce la luz azul a fin de crear condiciones de lectura saludables para usted\u00a0<span class=\"conv3_t5_nowrap\">y su familia.<\/span><\/p>\n<h2>El Rinc\u00f3n de los ni\u00f1os, dise\u00f1ado para\u00a0<span class=\"conv3_t5_nowrap\">sus hijos<\/span><\/h2>\n<p>El Rinc\u00f3n de los ni\u00f1os ofrece un lugar divertido para que sus hijos jueguen y aprendan rodeados de aplicaciones especialmente dise\u00f1adas para ellos. Permite gestionar f\u00e1cilmente qu\u00e9 aplicaciones pueden usar sus hijos y cu\u00e1nto tiempo dedican al uso de la tableta mediante la personalizaci\u00f3n de los ajustes de acceso para los\u00a0<span class=\"conv3_t5_nowrap\">m\u00e1s peque\u00f1os.<\/span><\/p>\n<p>Resoluci\u00f3n: 1024 x 600 (HD)<\/p>\n<p>Peso: Alrededor de 250 g (incluyendo la bater\u00eda)<br \/>\nROM: 8 GB<br \/>\nRAM: 1 GB<br \/>\nEMUI 4.1 (Basado en Android M)<br \/>\nC\u00e1mara trasera: 2 MP y foco fijo.<br \/>\nC\u00e1mara frontal: 2 MP y foco fijo.<br \/>\n*.mp3, *.mid, *.amr, *.3gp, *.aac, *.wav, *.ogg, *.flac, and *.m4a<br \/>\n*.3gp, *.mp4, *.webm, *.mkv, .ts, .mov, .avi, and .flv<br \/>\nMTK MT8127, quad-core A7, 4 x 1.3 GHz, 512 KB L2<\/p>\n<p>&nbsp;<\/p>\n","protected":false},"excerpt":{"rendered":"<p>PRODUCTO OPEN BOX* Delgado, liviano y duradero La tableta HUAWEI MediaPad T5 tiene un dise\u00f1o moderno gracias a su estructura de metal sim\u00e9trica, es liviana (aproximadamente 460\u00a0g), f\u00e1cil de transportar\u00a0y sostenerla. Impactante pantalla\u00a0Full HD de 1080 P La tableta HUAWEI MediaPad T5 incluye una pantalla de 10.1 pulgadas (con una resoluci\u00f3n de 1920 x 1200) [&hellip;]<\/p>\n","protected":false},"featured_media":1305,"template":"","meta":[],"class_list":{"0":"post-1304","1":"product","2":"type-product","3":"status-publish","4":"has-post-thumbnail","6":"product_cat-celulares","7":"product_cat-ofertas","8":"product_tag-huawei","9":"product_tag-tablet","11":"first","12":"instock","13":"sale","14":"shipping-taxable","15":"purchasable","16":"product-type-simple"},"_links":{"self":[{"href":"https:\/\/tecno.com.uy\/index.php?rest_route=\/wp\/v2\/product\/1304","targetHints":{"allow":["GET"]}}],"collection":[{"href":"https:\/\/tecno.com.uy\/index.php?rest_route=\/wp\/v2\/product"}],"about":[{"href":"https:\/\/tecno.com.uy\/index.php?rest_route=\/wp\/v2\/types\/product"}],"wp:featuredmedia":[{"embeddable":true,"href":"https:\/\/tecno.com.uy\/index.php?rest_route=\/wp\/v2\/media\/1305"}],"wp:attachment":[{"href":"https:\/\/tecno.com.uy\/index.php?rest_route=%2Fwp%2Fv2%2Fmedia&parent=1304"}],"curies":[{"name":"wp","href":"https:\/\/api.w.org\/{rel}","templated":true}]}}