{"id":1307,"date":"2021-06-01T14:30:54","date_gmt":"2021-06-01T17:30:54","guid":{"rendered":"https:\/\/tecno.com.uy\/?post_type=product&#038;p=1307"},"modified":"2021-06-01T16:01:58","modified_gmt":"2021-06-01T19:01:58","slug":"auricular-huawei-freebuds-4i-white","status":"publish","type":"product","link":"https:\/\/tecno.com.uy\/?product=auricular-huawei-freebuds-4i-white","title":{"rendered":"AURICULAR HUAWEI FREEBUDS 4I WHITE"},"content":{"rendered":"<p>Los sensores de HUAWEI FreeBuds 4i detectan y reducen activamente el ruido ambiental. No importa a d\u00f3nde te dirijas, siempre puedes sumergirte en la m\u00fasica que te encanta.<\/p>\n<p>El sistema de doble micr\u00f3fono viene con un dise\u00f1o de conducto de hendidura para reducir eficazmente el ruido del viento exterior. La tecnolog\u00eda exclusiva de formaci\u00f3n de haces, combinada con la tecnolog\u00eda de reducci\u00f3n de ruido de IA, puede captar tu voz con mayor precisi\u00f3n incluso en un entorno lleno de gente. Escucha y se escuchado alto y claro en cada llamada.<\/p>\n<p><strong>Sonido espectacular. Cancelaci\u00f3n activa de ruido. 10 horas de reproducci\u00f3n continua<\/strong><\/p>\n<p>El estuche de carga de forma ovalada es compacto y de dise\u00f1o original y refrescante, con un toque suave que te permite sentirte totalmente sincronizado. Las curvas estilizadas y el acabado pulido de los auriculares le dan un aspecto moderno y destacado. En Ceramic White, Carbon Black o Red: para llenar tus d\u00edas y noches de estilo din\u00e1mico<\/p>\n<p><iframe loading=\"lazy\" title=\"YouTube video player\" src=\"https:\/\/www.youtube.com\/embed\/w-i_nEYY7tU?controls=0\" width=\"560\" height=\"315\" frameborder=\"0\" allowfullscreen=\"allowfullscreen\"><\/iframe><\/p>\n","protected":false},"excerpt":{"rendered":"<p><strong>Sonido espectacular.\u00a0 Cancelaci\u00f3n activa de ruido. 10 horas de reproducci\u00f3n continua<\/strong><\/p>\n","protected":false},"featured_media":1310,"template":"","meta":[],"class_list":{"0":"post-1307","1":"product","2":"type-product","3":"status-publish","4":"has-post-thumbnail","6":"product_cat-audio","7":"product_cat-ofertas","9":"first","10":"instock","11":"sale","12":"shipping-taxable","13":"purchasable","14":"product-type-simple"},"_links":{"self":[{"href":"https:\/\/tecno.com.uy\/index.php?rest_route=\/wp\/v2\/product\/1307","targetHints":{"allow":["GET"]}}],"collection":[{"href":"https:\/\/tecno.com.uy\/index.php?rest_route=\/wp\/v2\/product"}],"about":[{"href":"https:\/\/tecno.com.uy\/index.php?rest_route=\/wp\/v2\/types\/product"}],"wp:featuredmedia":[{"embeddable":true,"href":"https:\/\/tecno.com.uy\/index.php?rest_route=\/wp\/v2\/media\/1310"}],"wp:attachment":[{"href":"https:\/\/tecno.com.uy\/index.php?rest_route=%2Fwp%2Fv2%2Fmedia&parent=1307"}],"curies":[{"name":"wp","href":"https:\/\/api.w.org\/{rel}","templated":true}]}}