{"id":1319,"date":"2021-06-01T16:18:49","date_gmt":"2021-06-01T19:18:49","guid":{"rendered":"https:\/\/tecno.com.uy\/?post_type=product&#038;p=1319"},"modified":"2021-06-01T16:18:49","modified_gmt":"2021-06-01T19:18:49","slug":"huawei-band-4e-active-graphite-black","status":"publish","type":"product","link":"https:\/\/tecno.com.uy\/?product=huawei-band-4e-active-graphite-black","title":{"rendered":"HUAWEI BAND 4E ACTIVE GRAPHITE BLACK"},"content":{"rendered":"<p>HUAWEI Band 4e es un compa\u00f1ero de entrenamiento vers\u00e1til que proporciona estad\u00edsticas precisas de rendimiento y orientaci\u00f3n profesional para correr. Bater\u00eda de 2 semanas de duraci\u00f3n.<\/p>\n<p>ESPECIFICACIONES<br \/>\nTama\u00f1o: Cuerpo: 40.5 mm x 14.8 mm x 11.2 mm (H x W x D)\/\/ Correa para la mu\u00f1eca: 210 mm x 15 mm (H x W)<br \/>\nPeso: Cuerpo de correa + correa: Aprox. 13 g\/ Cuerpo de la banda: Aprox. 6 g<br \/>\nPantalla: PMOLED en blanco y negro<br \/>\nResoluci\u00f3n: 48 x 88 p\u00edxeles<br \/>\nSensor: de movimiento de 6 ejes<br \/>\nCapacidad: 77 mAh<br \/>\nTipo: bater\u00eda de litio inamovible<br \/>\nTiempo de carga: menos de 120 min (a una temperatura de aproximadamente 25 \u00b0C)<br \/>\nBluetooth: 4.2<br \/>\nDistancia m\u00e1xima de conexi\u00f3n Bluetooth: 10 m (en un \u00e1rea abierta)<\/p>\n<p><iframe loading=\"lazy\" title=\"YouTube video player\" src=\"https:\/\/www.youtube.com\/embed\/VPAZxwNeURw?controls=0\" width=\"560\" height=\"315\" frameborder=\"0\" allowfullscreen=\"allowfullscreen\"><\/iframe><\/p>\n","protected":false},"excerpt":{"rendered":"<p>HUAWEI Band 4e es un compa\u00f1ero de entrenamiento vers\u00e1til que proporciona estad\u00edsticas precisas de rendimiento y orientaci\u00f3n profesional para correr. Bater\u00eda de 2 semanas de duraci\u00f3n. ESPECIFICACIONES Tama\u00f1o: Cuerpo: 40.5 mm x 14.8 mm x 11.2 mm (H x W x D)\/\/ Correa para la mu\u00f1eca: 210 mm x 15 mm (H x W) Peso: [&hellip;]<\/p>\n","protected":false},"featured_media":1320,"template":"","meta":[],"class_list":{"0":"post-1319","1":"product","2":"type-product","3":"status-publish","4":"has-post-thumbnail","6":"product_cat-celulares","7":"product_cat-ofertas","9":"first","10":"instock","11":"sale","12":"shipping-taxable","13":"purchasable","14":"product-type-simple"},"_links":{"self":[{"href":"https:\/\/tecno.com.uy\/index.php?rest_route=\/wp\/v2\/product\/1319","targetHints":{"allow":["GET"]}}],"collection":[{"href":"https:\/\/tecno.com.uy\/index.php?rest_route=\/wp\/v2\/product"}],"about":[{"href":"https:\/\/tecno.com.uy\/index.php?rest_route=\/wp\/v2\/types\/product"}],"wp:featuredmedia":[{"embeddable":true,"href":"https:\/\/tecno.com.uy\/index.php?rest_route=\/wp\/v2\/media\/1320"}],"wp:attachment":[{"href":"https:\/\/tecno.com.uy\/index.php?rest_route=%2Fwp%2Fv2%2Fmedia&parent=1319"}],"curies":[{"name":"wp","href":"https:\/\/api.w.org\/{rel}","templated":true}]}}