{"id":1323,"date":"2021-06-01T16:36:32","date_gmt":"2021-06-01T19:36:32","guid":{"rendered":"https:\/\/tecno.com.uy\/?post_type=product&#038;p=1323"},"modified":"2021-06-01T16:36:33","modified_gmt":"2021-06-01T19:36:33","slug":"auricular-ultimate-sound-vibe-bluetooth-argom","status":"publish","type":"product","link":"https:\/\/tecno.com.uy\/?product=auricular-ultimate-sound-vibe-bluetooth-argom","title":{"rendered":"AURICULAR ULTIMATE SOUND VIBE BLUETOOTH ARGOM"},"content":{"rendered":"<p>El sonido y el dise\u00f1o que esperabas ahora es igualado por ArgomTech con un refinado acabado de goma y auriculares plegables para que puedas llevarlos siempre contigo. Con el Ultimate Sound BT Vibe puede recibir llamadas y controlar la m\u00fasica.<\/p>\n<p>ESPECIFICACIONES<\/p>\n<p>Di\u00e1metro Auricular: 40mm Di\u00e1metro.<br \/>\nRespuesta de Frecuencia: 20 &#8211; 20000Hz.<br \/>\nTiempo de Ejecuci\u00f3n: Hasta 7 Horas.<br \/>\nRadio FM: Si.<br \/>\nCable Desmontable: 1.2m (4 pies).<br \/>\nConector: BT Inal\u00e1mbrico o Mini jack 3.5mm.<\/p>\n","protected":false},"excerpt":{"rendered":"<p>El sonido y el dise\u00f1o que esperabas ahora es igualado por ArgomTech con un refinado acabado de goma y auriculares plegables para que puedas llevarlos siempre contigo. Con el Ultimate Sound BT Vibe puede recibir llamadas y controlar la m\u00fasica. ESPECIFICACIONES Di\u00e1metro Auricular: 40mm Di\u00e1metro. Respuesta de Frecuencia: 20 &#8211; 20000Hz. Tiempo de Ejecuci\u00f3n: Hasta [&hellip;]<\/p>\n","protected":false},"featured_media":1325,"template":"","meta":[],"class_list":{"0":"post-1323","1":"product","2":"type-product","3":"status-publish","4":"has-post-thumbnail","6":"product_cat-audio","7":"product_cat-ofertas","9":"first","10":"instock","11":"sale","12":"shipping-taxable","13":"purchasable","14":"product-type-simple"},"_links":{"self":[{"href":"https:\/\/tecno.com.uy\/index.php?rest_route=\/wp\/v2\/product\/1323","targetHints":{"allow":["GET"]}}],"collection":[{"href":"https:\/\/tecno.com.uy\/index.php?rest_route=\/wp\/v2\/product"}],"about":[{"href":"https:\/\/tecno.com.uy\/index.php?rest_route=\/wp\/v2\/types\/product"}],"wp:featuredmedia":[{"embeddable":true,"href":"https:\/\/tecno.com.uy\/index.php?rest_route=\/wp\/v2\/media\/1325"}],"wp:attachment":[{"href":"https:\/\/tecno.com.uy\/index.php?rest_route=%2Fwp%2Fv2%2Fmedia&parent=1323"}],"curies":[{"name":"wp","href":"https:\/\/api.w.org\/{rel}","templated":true}]}}