{"id":1328,"date":"2021-06-01T16:40:41","date_gmt":"2021-06-01T19:40:41","guid":{"rendered":"https:\/\/tecno.com.uy\/?post_type=product&#038;p=1328"},"modified":"2021-06-01T16:40:41","modified_gmt":"2021-06-01T19:40:41","slug":"mouse-argom-combat-gaming-negro","status":"publish","type":"product","link":"https:\/\/tecno.com.uy\/?product=mouse-argom-combat-gaming-negro","title":{"rendered":"MOUSE ARGOM COMBAT GAMING NEGRO"},"content":{"rendered":"<p>Nuevo producto de la l\u00edena Gaming de Argom, el mouse Combat Gaming es todo lo que necesitas para aumentar tu juego. Recargar, apuntar y disparar con este mouse gamer especialmente dise\u00f1ado que tiene una construcci\u00f3n robusta y todos los silbidos y golpes que necesitas para vencer a tu oponente. Jug\u00e1 en la oscuridad con sus luces de arco iris y estilo elegante, que sin duda mejorar\u00e1 tu campo de batalla.<\/p>\n","protected":false},"excerpt":{"rendered":"<p>Nuevo producto de la l\u00edena Gaming de Argom, el mouse Combat Gaming es todo lo que necesitas para aumentar tu juego. Recargar, apuntar y disparar con este mouse gamer especialmente dise\u00f1ado que tiene una construcci\u00f3n robusta y todos los silbidos y golpes que necesitas para vencer a tu oponente. Jug\u00e1 en la oscuridad con sus [&hellip;]<\/p>\n","protected":false},"featured_media":1329,"template":"","meta":[],"class_list":{"0":"post-1328","1":"product","2":"type-product","3":"status-publish","4":"has-post-thumbnail","6":"product_cat-computacion","8":"first","9":"instock","10":"shipping-taxable","11":"purchasable","12":"product-type-simple"},"_links":{"self":[{"href":"https:\/\/tecno.com.uy\/index.php?rest_route=\/wp\/v2\/product\/1328","targetHints":{"allow":["GET"]}}],"collection":[{"href":"https:\/\/tecno.com.uy\/index.php?rest_route=\/wp\/v2\/product"}],"about":[{"href":"https:\/\/tecno.com.uy\/index.php?rest_route=\/wp\/v2\/types\/product"}],"wp:featuredmedia":[{"embeddable":true,"href":"https:\/\/tecno.com.uy\/index.php?rest_route=\/wp\/v2\/media\/1329"}],"wp:attachment":[{"href":"https:\/\/tecno.com.uy\/index.php?rest_route=%2Fwp%2Fv2%2Fmedia&parent=1328"}],"curies":[{"name":"wp","href":"https:\/\/api.w.org\/{rel}","templated":true}]}}