{"id":1331,"date":"2021-06-01T16:45:48","date_gmt":"2021-06-01T19:45:48","guid":{"rendered":"https:\/\/tecno.com.uy\/?post_type=product&#038;p=1331"},"modified":"2021-06-01T16:45:48","modified_gmt":"2021-06-01T19:45:48","slug":"impresora-multifuncion-brother-dcp-t220-color","status":"publish","type":"product","link":"https:\/\/tecno.com.uy\/?product=impresora-multifuncion-brother-dcp-t220-color","title":{"rendered":"IMPRESORA MULTIFUNCI\u00d3N BROTHER DCP-T220 COLOR"},"content":{"rendered":"<p>La impresora DCP-T220, permite imprimir documentos y fotograf\u00edas de gran calidad, en poco tiempo y a un bajo costo, optimizando el nivel de producci\u00f3n.<\/p>\n<p>ESPECIFICACIONES:<br \/>\n&#8211; Tecnolog\u00eda de impresi\u00f3n:Inyecci\u00f3n de tinta a color<br \/>\n&#8211; Velocidad m\u00e1xima de imp. en color:10 ppm (modo r\u00e1pido) \/ 6 ipm (ISO\/IEC 24734)<br \/>\n&#8211; Velocidad m\u00e1xima de imp. en negro: 28 ppm (modo r\u00e1pido) \/ 16 ipm (ISO\/IEC 24734)<br \/>\n&#8211; Resoluci\u00f3n de impresi\u00f3n:Hasta 6000x1200dpi<br \/>\n&#8211; Capacidad de entrada del papel:150H<br \/>\n&#8211; Bandeja multiuso:No<br \/>\n&#8211; Memoria:128MB<br \/>\n&#8211; Compatibilidad del controlador de impresi\u00f3n:Windows y MacOS<br \/>\n&#8211; Tipo de copiado: Blanco\/negro y color<br \/>\n&#8211; Dise\u00f1o: Cama plana<br \/>\n&#8211; Tama\u00f1o del cristal de escaner:8,5&#8243;x11&#8243;<br \/>\n&#8211; Tipos de papel:Normal, para tinta, satinado, foto, ficha, sobres<\/p>\n<p>INCLUYE 4 BOTELLAS DE TINTA: CMYK<br \/>\nGARANT\u00cdA POR 2 A\u00d1OS<\/p>\n","protected":false},"excerpt":{"rendered":"<p>La impresora DCP-T220, permite imprimir documentos y fotograf\u00edas de gran calidad, en poco tiempo y a un bajo costo, optimizando el nivel de producci\u00f3n. ESPECIFICACIONES: &#8211; Tecnolog\u00eda de impresi\u00f3n:Inyecci\u00f3n de tinta a color &#8211; Velocidad m\u00e1xima de imp. en color:10 ppm (modo r\u00e1pido) \/ 6 ipm (ISO\/IEC 24734) &#8211; Velocidad m\u00e1xima de imp. en negro: [&hellip;]<\/p>\n","protected":false},"featured_media":1333,"template":"","meta":[],"class_list":{"0":"post-1331","1":"product","2":"type-product","3":"status-publish","4":"has-post-thumbnail","6":"product_cat-computacion","7":"product_cat-ofertas","9":"first","10":"instock","11":"sale","12":"shipping-taxable","13":"purchasable","14":"product-type-simple"},"_links":{"self":[{"href":"https:\/\/tecno.com.uy\/index.php?rest_route=\/wp\/v2\/product\/1331","targetHints":{"allow":["GET"]}}],"collection":[{"href":"https:\/\/tecno.com.uy\/index.php?rest_route=\/wp\/v2\/product"}],"about":[{"href":"https:\/\/tecno.com.uy\/index.php?rest_route=\/wp\/v2\/types\/product"}],"wp:featuredmedia":[{"embeddable":true,"href":"https:\/\/tecno.com.uy\/index.php?rest_route=\/wp\/v2\/media\/1333"}],"wp:attachment":[{"href":"https:\/\/tecno.com.uy\/index.php?rest_route=%2Fwp%2Fv2%2Fmedia&parent=1331"}],"curies":[{"name":"wp","href":"https:\/\/api.w.org\/{rel}","templated":true}]}}